{"id":944,"date":"2017-11-25T16:05:20","date_gmt":"2017-11-25T15:05:20","guid":{"rendered":"http:\/\/mbloretanska.pl\/?page_id=944"},"modified":"2022-12-30T11:35:45","modified_gmt":"2022-12-30T10:35:45","slug":"plan-koledy","status":"publish","type":"page","link":"https:\/\/mbloretanska.pl\/?page_id=944","title":{"rendered":"Plan kol\u0119dy 2022"},"content":{"rendered":"<section  class='av_textblock_section av-ky5zag1i-667a770f34e388724aead75d878dfecb '   itemscope=\"itemscope\" itemtype=\"https:\/\/schema.org\/CreativeWork\" ><div class='avia_textblock'  itemprop=\"text\" ><table width=\"1002\">\n<tbody>\n<tr>\n<td colspan=\"2\" width=\"1002\">\n<p style=\"text-align: center;\"><strong>PROGRAM MSZY \u015aWI\u0118TYCH KOL\u0118DOWYCH 2021\/2022<\/strong><\/p>\n<p><strong>\u00a0<\/strong><\/td>\n<\/tr>\n<tr>\n<td width=\"217\">\n<p style=\"text-align: center;\"><strong>DATA<\/strong><\/p>\n<\/td>\n<td width=\"784\">\n<p style=\"text-align: center;\"><strong>ULICA<\/strong><strong>\u00a0<\/strong><\/p>\n<\/td>\n<\/tr>\n<tr>\n<td width=\"217\"><strong>3<\/strong> stycznia \u2013 poniedzia\u0142ek<\/td>\n<td width=\"784\">ul. BRECHTA<\/td>\n<\/tr>\n<tr>\n<td width=\"217\"><strong>4<\/strong> stycznia \u2013 wtorek<\/td>\n<td width=\"784\">ul. BURDZI\u0143SKIEGO, CYRYLA i METODEGO, D\u0104BROWSZCZAK\u00d3W, GROSZKOWSKIEGO<\/td>\n<\/tr>\n<tr>\n<td width=\"217\"><strong>5<\/strong> stycznia \u2013 \u015broda<\/td>\n<td width=\"784\">ul. DARWINA (od nr 1A do 9A w\u0142\u0105cznie)<\/td>\n<\/tr>\n<tr>\n<td width=\"217\"><strong>7<\/strong> stycznia \u2013 pi\u0105tek<\/td>\n<td width=\"784\">ul. DARWINA (od nr 11 do 18 w\u0142\u0105cznie)<\/td>\n<\/tr>\n<tr>\n<td width=\"217\"><strong>8<\/strong> stycznia \u2013 sobota<\/td>\n<td width=\"784\">ul. JAGIELLO\u0143SKA (od nr 42 do 49 w\u0142\u0105cznie)<\/td>\n<\/tr>\n<tr>\n<td width=\"217\"><strong>10<\/strong> stycznia \u2013 poniedzia\u0142ek<\/td>\n<td width=\"784\">ul. JAGIELLO\u0143SKA (od nr 50 do 64 w\u0142\u0105cznie)<\/td>\n<\/tr>\n<tr>\n<td width=\"217\"><strong>11<\/strong> stycznia \u2013 wtorek<\/td>\n<td width=\"784\">ul. KAMERALNA, IN\u017bYNIERSKA, LINNEUSZA, 11 LISTOPADA<\/td>\n<\/tr>\n<tr>\n<td width=\"217\"><strong>12<\/strong> stycznia \u2013 \u015broda<\/td>\n<td width=\"784\">ul. M\u0141OTA, NAMYS\u0141OWSKA<\/td>\n<\/tr>\n<tr>\n<td width=\"217\"><strong>13<\/strong> stycznia \u2013 czwartek<\/td>\n<td width=\"784\">ul. NUSBAUMA, RATUSZOWA, SKOCZYLASA<\/td>\n<\/tr>\n<tr>\n<td width=\"217\"><strong>14<\/strong> stycznia \u2013 pi\u0105tek<\/td>\n<td width=\"784\">ul. SZYMANOWSKIEGO (Nr od 3 do 5 w\u0142\u0105cznie)<\/td>\n<\/tr>\n<tr>\n<td width=\"217\"><strong>15<\/strong> stycznia \u2013 sobota<\/td>\n<td width=\"784\">ul. SZYMANOWSKIEGO (Nr od 6 do 8 w\u0142\u0105cznie), STARZY\u0143SKIEGO<\/td>\n<\/tr>\n<tr>\n<td width=\"217\"><strong>17<\/strong> stycznia \u2013 poniedzia\u0142ek<\/td>\n<td width=\"784\">ul. SZANAJCY, WILE\u0143SKA<\/td>\n<\/tr>\n<tr>\n<td width=\"217\"><strong>18 <\/strong>stycznia \u2013 wtorek<\/td>\n<td width=\"784\">ul. Plac HALLERA, TARGOWA<\/td>\n<\/tr>\n<\/tbody>\n<\/table>\n<\/div><\/section>\n","protected":false},"excerpt":{"rendered":"","protected":false},"author":1,"featured_media":0,"parent":2,"menu_order":0,"comment_status":"closed","ping_status":"closed","template":"","meta":{"ngg_post_thumbnail":0,"footnotes":""},"class_list":["post-944","page","type-page","status-publish","hentry"],"_links":{"self":[{"href":"https:\/\/mbloretanska.pl\/index.php?rest_route=\/wp\/v2\/pages\/944","targetHints":{"allow":["GET"]}}],"collection":[{"href":"https:\/\/mbloretanska.pl\/index.php?rest_route=\/wp\/v2\/pages"}],"about":[{"href":"https:\/\/mbloretanska.pl\/index.php?rest_route=\/wp\/v2\/types\/page"}],"author":[{"embeddable":true,"href":"https:\/\/mbloretanska.pl\/index.php?rest_route=\/wp\/v2\/users\/1"}],"replies":[{"embeddable":true,"href":"https:\/\/mbloretanska.pl\/index.php?rest_route=%2Fwp%2Fv2%2Fcomments&post=944"}],"version-history":[{"count":105,"href":"https:\/\/mbloretanska.pl\/index.php?rest_route=\/wp\/v2\/pages\/944\/revisions"}],"predecessor-version":[{"id":4658,"href":"https:\/\/mbloretanska.pl\/index.php?rest_route=\/wp\/v2\/pages\/944\/revisions\/4658"}],"up":[{"embeddable":true,"href":"https:\/\/mbloretanska.pl\/index.php?rest_route=\/wp\/v2\/pages\/2"}],"wp:attachment":[{"href":"https:\/\/mbloretanska.pl\/index.php?rest_route=%2Fwp%2Fv2%2Fmedia&parent=944"}],"curies":[{"name":"wp","href":"https:\/\/api.w.org\/{rel}","templated":true}]}}