{"id":5737,"date":"2025-02-28T14:41:47","date_gmt":"2025-02-28T13:41:47","guid":{"rendered":"https:\/\/mbloretanska.pl\/?page_id=5737"},"modified":"2025-02-28T15:40:12","modified_gmt":"2025-02-28T14:40:12","slug":"wielkopostny-dzien-stacyjny-2025","status":"publish","type":"page","link":"https:\/\/mbloretanska.pl\/?page_id=5737","title":{"rendered":"Wielkopostny Dzie\u0144 Stacyjny 2025"},"content":{"rendered":"<section  class='av_textblock_section av-m7otltk2-7c08037786a4b92ed44ca43b5ce54b1b '   itemscope=\"itemscope\" itemtype=\"https:\/\/schema.org\/CreativeWork\" ><div class='avia_textblock'  itemprop=\"text\" ><h2 style=\"font-weight: 400; text-align: center;\"><span style=\"color: #3366ff;\">WIELKOPOSTNY DZIE\u0143 STACYJNY<\/span><\/h2>\n<h2 style=\"font-weight: 400; text-align: center;\"><span style=\"color: #3366ff;\">7 marca 2025<\/span><\/h2>\n<p style=\"font-weight: 400; text-align: center;\">(Prowadzi o. Przemys\u0142aw Sk\u0105pski Instytut Ojc\u00f3w Szensztackich)<\/p>\n<p style=\"font-weight: 400;\"><strong>\u00a0<\/strong><\/p>\n<p style=\"font-weight: 400;\">7.00\u00a0 Msza \u015awi\u0119ta (bez kazania)<\/p>\n<p style=\"font-weight: 400;\"><strong>8.00<\/strong>\u00a0 <strong>Msza \u015awi\u0119ta <\/strong>( z okoliczno\u015bciowym kazaniem)<\/p>\n<p style=\"font-weight: 400;\"><em>Wystawienie i adoracja Naj\u015bwi\u0119tszego Sakramentu ( do godz. 16.00 )<\/em><\/p>\n<p style=\"font-weight: 400;\"><em>R\u00f3\u017caniec cz\u0119\u015b\u0107 I \u2013 tajemnice radosne\u00a0 (po Mszy \u015bw.)<\/em><\/p>\n<p style=\"font-weight: 400;\"><strong>11.30<\/strong> \u00a0<em>R\u00f3\u017caniec cz\u0119\u015b\u0107 II \u2013 tajemnice \u015bwiat\u0142a<\/em><\/p>\n<p style=\"font-weight: 400;\"><strong>12.00<\/strong> \u00a0<strong>Anio\u0142 Pa\u0144ski<\/strong><\/p>\n<p style=\"font-weight: 400;\"><em>R\u00f3\u017caniec cz\u0119\u015b\u0107 III \u2013 tajemnice bolesne<\/em><\/p>\n<p style=\"font-weight: 400;\"><strong>15.00<\/strong>\u00a0 <strong>Koronka do Mi\u0142osierdzia Bo\u017cego<\/strong><\/p>\n<p style=\"font-weight: 400;\"><em>R\u00f3\u017caniec cz\u0119\u015b\u0107 IV \u2013 tajemnice chwalebne<\/em><\/p>\n<p style=\"font-weight: 400;\"><strong>16.00<\/strong>\u00a0 <strong><em>Litania Loreta\u0144ska<\/em><\/strong><\/p>\n<p style=\"font-weight: 400;\"><strong>17.15<\/strong>\u00a0 <strong><em>Droga Krzy\u017cowa <\/em><\/strong><em>(z udzia\u0142em dzieci)<\/em><\/p>\n<p style=\"font-weight: 400;\"><strong>18.00<\/strong>\u00a0 <strong>Msza \u015awi\u0119ta <\/strong>(z okoliczno\u015bciowym kazaniem)<\/p>\n<p style=\"font-weight: 400;\"><strong><em>Droga Krzy\u017cowa <\/em><\/strong><em>( po Mszy \u015bw.)<\/em><\/p>\n<p style=\"font-weight: 400;\"><strong>Apel Jasnog\u00f3rski<\/strong><\/p>\n<p style=\"font-weight: 400;\"><em>Mo\u017cliwo\u015b\u0107 spowiedzi przez ca\u0142y dzie\u0144.<\/em><\/p>\n<\/div><\/section>\n","protected":false},"excerpt":{"rendered":"","protected":false},"author":1,"featured_media":5738,"parent":0,"menu_order":0,"comment_status":"closed","ping_status":"closed","template":"","meta":{"ngg_post_thumbnail":0,"footnotes":""},"class_list":["post-5737","page","type-page","status-publish","has-post-thumbnail","hentry"],"_links":{"self":[{"href":"https:\/\/mbloretanska.pl\/index.php?rest_route=\/wp\/v2\/pages\/5737","targetHints":{"allow":["GET"]}}],"collection":[{"href":"https:\/\/mbloretanska.pl\/index.php?rest_route=\/wp\/v2\/pages"}],"about":[{"href":"https:\/\/mbloretanska.pl\/index.php?rest_route=\/wp\/v2\/types\/page"}],"author":[{"embeddable":true,"href":"https:\/\/mbloretanska.pl\/index.php?rest_route=\/wp\/v2\/users\/1"}],"replies":[{"embeddable":true,"href":"https:\/\/mbloretanska.pl\/index.php?rest_route=%2Fwp%2Fv2%2Fcomments&post=5737"}],"version-history":[{"count":2,"href":"https:\/\/mbloretanska.pl\/index.php?rest_route=\/wp\/v2\/pages\/5737\/revisions"}],"predecessor-version":[{"id":5748,"href":"https:\/\/mbloretanska.pl\/index.php?rest_route=\/wp\/v2\/pages\/5737\/revisions\/5748"}],"wp:featuredmedia":[{"embeddable":true,"href":"https:\/\/mbloretanska.pl\/index.php?rest_route=\/wp\/v2\/media\/5738"}],"wp:attachment":[{"href":"https:\/\/mbloretanska.pl\/index.php?rest_route=%2Fwp%2Fv2%2Fmedia&parent=5737"}],"curies":[{"name":"wp","href":"https:\/\/api.w.org\/{rel}","templated":true}]}}