{"id":40,"date":"2017-07-02T15:56:40","date_gmt":"2017-07-02T13:56:40","guid":{"rendered":"http:\/\/mbloretanska.pl\/?page_id=40"},"modified":"2025-12-27T19:53:36","modified_gmt":"2025-12-27T18:53:36","slug":"kontakt","status":"publish","type":"page","link":"https:\/\/mbloretanska.pl\/?page_id=40","title":{"rendered":"Kontakt"},"content":{"rendered":"<section  class='av_textblock_section av-4buak-3f75bf85848f21dfa6b176b163f6e601 '   itemscope=\"itemscope\" itemtype=\"https:\/\/schema.org\/CreativeWork\" ><div class='avia_textblock av_inherit_color'  itemprop=\"text\" ><p>Parafia Matki Bo\u017cej Loreta\u0144skiej<br \/>\nul. Ratuszowa 5a<br \/>\n03-461 Warszawa<br \/>\nNIP: 113-204-21-77<\/p>\n<p style=\"text-align: center;\">&nbsp;<\/p>\n<p class=\"tekst_akt\"><strong>Kancelaria czynna:<\/strong><\/p>\n<div>\n<p><strong>Poniedzia\u0142ek<\/strong><\/p>\n<p>10:00-11:00<br \/>\n16.30 \u2013 17.30<br \/>\n<del>19.00 &#8211; 20.00<\/del> dy\u017cur odwo\u0142any podczas trwania Kol\u0119dy<\/p>\n<\/div>\n<div>\n<p><strong>\u015aroda<\/strong><\/p>\n<\/div>\n<div>\n<p>10:00-11:00<span style=\"text-decoration: line-through;\"><br \/>\n<\/span>16.30 \u2013 17.30<\/p>\n<\/div>\n<div>\n<p><strong>Pi\u0105tek<\/strong><\/p>\n<p>10:00-11:00<span style=\"text-decoration: line-through;\"><br \/>\n<\/span>16.30 \u2013 17.30<br \/>\n\/ w pierwsze pi\u0105tki miesi\u0105ca kancelaria nieczynna \/<\/p>\n<\/div>\n<p><strong> Telefon:<\/strong><\/p>\n<ul>\n<li>22 619 27 37<\/li>\n<\/ul>\n<p><strong>e-mail (prosz\u0119 usun\u0105\u0107 spacje w przypadku kopiowania adresu):<\/strong><br \/>\nk a n c e l a r i a @ m b l o r e t a n s k a. p l<\/p>\n<p><strong>Konto parafii:<\/strong><br \/>\nBank Pekao&nbsp; 47 1240 6074 1111 0000 4992 5977<\/p>\n<p><strong>Na terenie parafialnym znajduje si\u0119 kaplica po\u017cegna\u0144 partnera parafii &#8211; domu pogrzebowego Misterium<\/strong> &#8211; tel. 24h\/7dni 511 470 200 ; <a href=\"http:\/\/www.misterium-pogrzeby.pl\">www.misterium-pogrzeby.pl<\/a><\/p>\n<p style=\"text-align: center;\"><a href=\"https:\/\/mbloretanska.pl\/?page_id=1743\">Polityka ochrony danych osobowych <\/a><br \/>\n<a href=\"https:\/\/mbloretanska.pl\/?page_id=1743\">&gt;&gt;&gt; KLIKNIJ TUTAJ &lt;&lt;&lt;<\/a><\/p>\n<\/div><\/section>\n<section  class='av_textblock_section av-p41k-96b068181242ba7e2c68dc967240acc9 '   itemscope=\"itemscope\" itemtype=\"https:\/\/schema.org\/CreativeWork\" ><div class='avia_textblock'  itemprop=\"text\" ><p><strong>Dojazd:<\/strong><\/p>\n<p><iframe loading=\"lazy\" src=\"https:\/\/www.google.com\/maps\/embed?pb=!1m14!1m8!1m3!1d9769.068371232714!2d21.0275755!3d52.2566947!3m2!1i1024!2i768!4f13.1!3m3!1m2!1s0x0%3A0x93a29eb12237cc52!2zS2_Fm2Npw7PFgiBNYXRraSBCb3NraWVqIExvcmV0YcWEc2tpZWo!5e0!3m2!1spl!2spl!4v1499028917738\" width=\"600\" height=\"450\" frameborder=\"0\" allowfullscreen=\"allowfullscreen\" data-mce-fragment=\"1\"><\/iframe><\/p>\n<\/div><\/section>\n","protected":false},"excerpt":{"rendered":"","protected":false},"author":1,"featured_media":0,"parent":2,"menu_order":6,"comment_status":"closed","ping_status":"closed","template":"","meta":{"ngg_post_thumbnail":0,"footnotes":""},"class_list":["post-40","page","type-page","status-publish","hentry"],"_links":{"self":[{"href":"https:\/\/mbloretanska.pl\/index.php?rest_route=\/wp\/v2\/pages\/40","targetHints":{"allow":["GET"]}}],"collection":[{"href":"https:\/\/mbloretanska.pl\/index.php?rest_route=\/wp\/v2\/pages"}],"about":[{"href":"https:\/\/mbloretanska.pl\/index.php?rest_route=\/wp\/v2\/types\/page"}],"author":[{"embeddable":true,"href":"https:\/\/mbloretanska.pl\/index.php?rest_route=\/wp\/v2\/users\/1"}],"replies":[{"embeddable":true,"href":"https:\/\/mbloretanska.pl\/index.php?rest_route=%2Fwp%2Fv2%2Fcomments&post=40"}],"version-history":[{"count":83,"href":"https:\/\/mbloretanska.pl\/index.php?rest_route=\/wp\/v2\/pages\/40\/revisions"}],"predecessor-version":[{"id":6202,"href":"https:\/\/mbloretanska.pl\/index.php?rest_route=\/wp\/v2\/pages\/40\/revisions\/6202"}],"up":[{"embeddable":true,"href":"https:\/\/mbloretanska.pl\/index.php?rest_route=\/wp\/v2\/pages\/2"}],"wp:attachment":[{"href":"https:\/\/mbloretanska.pl\/index.php?rest_route=%2Fwp%2Fv2%2Fmedia&parent=40"}],"curies":[{"name":"wp","href":"https:\/\/api.w.org\/{rel}","templated":true}]}}