{"id":36,"date":"2017-07-02T15:34:57","date_gmt":"2017-07-02T13:34:57","guid":{"rendered":"http:\/\/mbloretanska.pl\/?page_id=36"},"modified":"2024-12-13T11:04:01","modified_gmt":"2024-12-13T10:04:01","slug":"galeria","status":"publish","type":"page","link":"https:\/\/mbloretanska.pl\/?page_id=36","title":{"rendered":"Galeria"},"content":{"rendered":"\n<style type=\"text\/css\" data-created_by=\"avia_inline_auto\" id=\"style-css-av-eow2o-6a3343a32e785d0fa4dd9c612506c38b\">\n.flex_column.av-eow2o-6a3343a32e785d0fa4dd9c612506c38b{\nborder-radius:0px 0px 0px 0px;\npadding:10px 10px 10px 10px;\n}\n<\/style>\n<div  class='flex_column av-eow2o-6a3343a32e785d0fa4dd9c612506c38b av_one_third  avia-builder-el-0  el_before_av_one_third  avia-builder-el-first  first flex_column_div  '     ><section  class='av_textblock_section av-dwvl4-2a05626766412c13a1350f41a8c58a14 '   itemscope=\"itemscope\" itemtype=\"https:\/\/schema.org\/CreativeWork\" ><div class='avia_textblock'  itemprop=\"text\" ><p>Uroczysto\u015b\u0107 przekazania darowizny na zakup r\u0119kopis\u00f3w kart &#8222;Potopu&#8221; dla Muzeum Henryka Sienkiewicza w Woli Okrzejskiej. 23.10.2017 r. Fundacja Polska Grupa Zbrojeniowa.<br \/>\nngg_shortcode_0_placeholder<\/p>\n<\/div><\/section><\/div>\n\n<style type=\"text\/css\" data-created_by=\"avia_inline_auto\" id=\"style-css-av-7f054-6568732121c8359eee1d968f91f82fb6\">\n.flex_column.av-7f054-6568732121c8359eee1d968f91f82fb6{\nborder-radius:0px 0px 0px 0px;\npadding:0px 0px 0px 0px;\n}\n<\/style>\n<div  class='flex_column av-7f054-6568732121c8359eee1d968f91f82fb6 av_one_third  avia-builder-el-2  el_after_av_one_third  el_before_av_one_third  flex_column_div av-zero-column-padding  '     ><section  class='av_textblock_section av-6u4ag-47494c2c9c686ad2048d02299fc7a255 '   itemscope=\"itemscope\" itemtype=\"https:\/\/schema.org\/CreativeWork\" ><div class='avia_textblock'  itemprop=\"text\" ><p>Zdj\u0119cia ko\u015bcio\u0142a.<br \/>\nngg_shortcode_1_placeholder<\/p>\n<\/div><\/section><\/div>\n\n<style type=\"text\/css\" data-created_by=\"avia_inline_auto\" id=\"style-css-av-162do-4c6d5170cd5b5f075ac4bace03cf1262\">\n.flex_column.av-162do-4c6d5170cd5b5f075ac4bace03cf1262{\nborder-radius:0px 0px 0px 0px;\npadding:0px 0px 0px 0px;\n}\n<\/style>\n<div  class='flex_column av-162do-4c6d5170cd5b5f075ac4bace03cf1262 av_one_third  avia-builder-el-4  el_after_av_one_third  el_before_av_one_third  flex_column_div av-zero-column-padding  '     ><section  class='av_textblock_section av-lslisgyb-86282499be4ca3898a340d56de90079f '   itemscope=\"itemscope\" itemtype=\"https:\/\/schema.org\/CreativeWork\" ><div class='avia_textblock'  itemprop=\"text\" ><p>Obraz Madonny z Loreto.<br \/>\nngg_shortcode_2_placeholder<\/p>\n<\/div><\/section><\/div>\n\n<style type=\"text\/css\" data-created_by=\"avia_inline_auto\" id=\"style-css-av-6a4jc-b32841420a155aaf518764f01e677aa3\">\n.flex_column.av-6a4jc-b32841420a155aaf518764f01e677aa3{\nborder-radius:0px 0px 0px 0px;\npadding:0px 0px 0px 0px;\n}\n<\/style>\n<div  class='flex_column av-6a4jc-b32841420a155aaf518764f01e677aa3 av_one_third  avia-builder-el-6  el_after_av_one_third  el_before_av_one_third  first flex_column_div av-zero-column-padding  column-top-margin'     ><section  class='av_textblock_section av-5ngc0-dd5ab44e2139c57d8729bbd0f844ca76 '   itemscope=\"itemscope\" itemtype=\"https:\/\/schema.org\/CreativeWork\" ><div class='avia_textblock'  itemprop=\"text\" ><p>W budynku ko\u015bcio\u0142a parafialnego zainstalowany jest system multimedialny do prezentacji tekst\u00f3w pie\u015bni liturgicznych. Projekt, realizacja i monta\u017c: <a href=\"http:\/\/www.henwar.pl\/\">Henwar Informatyka. www.henwar.pl<\/a><a href=\"https:\/\/mbloretanska.pl\/wp-content\/uploads\/2017\/12\/system-\u015bpiewnik-multimedialny-ko\u015bcielny-projektory-teksty-pie\u015bni-slajd-miniIMG_1868.jpg\"><br \/>\n<\/a><\/p>\nngg_shortcode_3_placeholder\n<\/div><\/section><\/div>\n\n<style type=\"text\/css\" data-created_by=\"avia_inline_auto\" id=\"style-css-av-4vdx0-e30e39a08371f25cd9aac200e4020e09\">\n.flex_column.av-4vdx0-e30e39a08371f25cd9aac200e4020e09{\nborder-radius:0px 0px 0px 0px;\npadding:0px 0px 0px 0px;\n}\n<\/style>\n<div  class='flex_column av-4vdx0-e30e39a08371f25cd9aac200e4020e09 av_one_third  avia-builder-el-8  el_after_av_one_third  el_before_av_one_third  flex_column_div av-zero-column-padding  column-top-margin'     ><section  class='av_textblock_section av-gc80-996ef47e57bcc91aa658b631f38ba87d '   itemscope=\"itemscope\" itemtype=\"https:\/\/schema.org\/CreativeWork\" ><div class='avia_textblock'  itemprop=\"text\" ><p>Remont Ko\u015bcio\u0142a. Zacz\u0119li\u015bmy od mycia balustrady na dachu w 12.09.2023. ETAP I.<\/p>\nngg_shortcode_4_placeholder\n<\/div><\/section><\/div>\n<style type=\"text\/css\" data-created_by=\"avia_inline_auto\" id=\"style-css-av-av_one_third-e671fab5613f317ef63eb9ab712c64a3\">\n.flex_column.av-av_one_third-e671fab5613f317ef63eb9ab712c64a3{\nborder-radius:0px 0px 0px 0px;\npadding:0px 0px 0px 0px;\n}\n<\/style>\n<div  class='flex_column av-av_one_third-e671fab5613f317ef63eb9ab712c64a3 av_one_third  avia-builder-el-10  el_after_av_one_third  avia-builder-el-last  flex_column_div av-zero-column-padding  column-top-margin'     ><section  class='av_textblock_section av-m4mkz2cn-d30857565b8e5440f864974272c08de0 '   itemscope=\"itemscope\" itemtype=\"https:\/\/schema.org\/CreativeWork\" ><div class='avia_textblock'  itemprop=\"text\" ><p>Remont Ko\u015bcio\u0142a. ETAP II.<\/p>\nngg_shortcode_5_placeholder\n<\/div><\/section><\/div><\/p>\n","protected":false},"excerpt":{"rendered":"","protected":false},"author":1,"featured_media":0,"parent":2,"menu_order":0,"comment_status":"closed","ping_status":"closed","template":"","meta":{"ngg_post_thumbnail":0,"footnotes":""},"class_list":["post-36","page","type-page","status-publish","hentry"],"_links":{"self":[{"href":"https:\/\/mbloretanska.pl\/index.php?rest_route=\/wp\/v2\/pages\/36","targetHints":{"allow":["GET"]}}],"collection":[{"href":"https:\/\/mbloretanska.pl\/index.php?rest_route=\/wp\/v2\/pages"}],"about":[{"href":"https:\/\/mbloretanska.pl\/index.php?rest_route=\/wp\/v2\/types\/page"}],"author":[{"embeddable":true,"href":"https:\/\/mbloretanska.pl\/index.php?rest_route=\/wp\/v2\/users\/1"}],"replies":[{"embeddable":true,"href":"https:\/\/mbloretanska.pl\/index.php?rest_route=%2Fwp%2Fv2%2Fcomments&post=36"}],"version-history":[{"count":129,"href":"https:\/\/mbloretanska.pl\/index.php?rest_route=\/wp\/v2\/pages\/36\/revisions"}],"predecessor-version":[{"id":5648,"href":"https:\/\/mbloretanska.pl\/index.php?rest_route=\/wp\/v2\/pages\/36\/revisions\/5648"}],"up":[{"embeddable":true,"href":"https:\/\/mbloretanska.pl\/index.php?rest_route=\/wp\/v2\/pages\/2"}],"wp:attachment":[{"href":"https:\/\/mbloretanska.pl\/index.php?rest_route=%2Fwp%2Fv2%2Fmedia&parent=36"}],"curies":[{"name":"wp","href":"https:\/\/api.w.org\/{rel}","templated":true}]}}