{"id":34,"date":"2017-07-02T15:34:08","date_gmt":"2017-07-02T13:34:08","guid":{"rendered":"http:\/\/mbloretanska.pl\/?page_id=34"},"modified":"2025-09-11T21:29:37","modified_gmt":"2025-09-11T19:29:37","slug":"parafia","status":"publish","type":"page","link":"https:\/\/mbloretanska.pl\/?page_id=34","title":{"rendered":"Parafia"},"content":{"rendered":"<section  class='av_textblock_section av-lrkmltc1-9361a53f5d0a79630f70b0983d886920 '   itemscope=\"itemscope\" itemtype=\"https:\/\/schema.org\/CreativeWork\" ><div class='avia_textblock'  itemprop=\"text\" ><div class=\"tekst\">&nbsp; &nbsp; &nbsp;Ko\u015bci\u00f3\u0142 Matki Bo\u017cej Loreta\u0144skiej to najstarsza \u015bwi\u0105tynia Pragi. Powstanie tego cennego zabytku zwi\u0105zane jest z zakonem bernardyn\u00f3w. Zakonnicy przybyli tu w 1617 r sprowadzeni przez Zofi\u0119, \u017con\u0119 kanclerza kr\u00f3lewskiego koronnego Feliksa Kryskiego. W tym samym roku kamie\u0144 w\u0119gielny pod ko\u015bci\u00f3\u0142 i klasztor po\u015bwi\u0119ci\u0142 biskup p\u0142ocki Henryk Firlej w obecno\u015bci kr\u00f3la Zygmunta III Wazy i ca\u0142ego jego dworu.<\/div>\n<p style=\"text-align: center;\"><img loading=\"lazy\" decoding=\"async\" class=\"aligncenter size-full wp-image-1104\" src=\"https:\/\/mbloretanska.pl\/wp-content\/uploads\/2018\/01\/Zesp\u00f3\u0142-bernardy\u0144ski-na-muzealnej-makiecie-warszawskiej-Pragi-z-ko\u0144ca-XVIII-w-1.png\" alt=\"\" width=\"971\" height=\"503\" srcset=\"https:\/\/mbloretanska.pl\/wp-content\/uploads\/2018\/01\/Zesp\u00f3\u0142-bernardy\u0144ski-na-muzealnej-makiecie-warszawskiej-Pragi-z-ko\u0144ca-XVIII-w-1.png 971w, https:\/\/mbloretanska.pl\/wp-content\/uploads\/2018\/01\/Zesp\u00f3\u0142-bernardy\u0144ski-na-muzealnej-makiecie-warszawskiej-Pragi-z-ko\u0144ca-XVIII-w-1-300x155.png 300w, https:\/\/mbloretanska.pl\/wp-content\/uploads\/2018\/01\/Zesp\u00f3\u0142-bernardy\u0144ski-na-muzealnej-makiecie-warszawskiej-Pragi-z-ko\u0144ca-XVIII-w-1-768x398.png 768w, https:\/\/mbloretanska.pl\/wp-content\/uploads\/2018\/01\/Zesp\u00f3\u0142-bernardy\u0144ski-na-muzealnej-makiecie-warszawskiej-Pragi-z-ko\u0144ca-XVIII-w-1-705x365.png 705w, https:\/\/mbloretanska.pl\/wp-content\/uploads\/2018\/01\/Zesp\u00f3\u0142-bernardy\u0144ski-na-muzealnej-makiecie-warszawskiej-Pragi-z-ko\u0144ca-XVIII-w-1-450x233.png 450w\" sizes=\"auto, (max-width: 971px) 100vw, 971px\" \/><span style=\"color: #808080;\">Zesp\u00f3\u0142 bernardy\u0144ski.<\/span><br \/>\n<span style=\"color: #808080;\">Fragment makiety warszawskiej Pragi z ko\u0144ca XVIII w., kt\u00f3ra znajduje si\u0119 na ekspozycji w <a style=\"color: #808080;\" href=\"https:\/\/muzeumpragi.pl\/\">Muzeum warszawskiej Pragi<\/a> (fot. Jacek Wi\u015bniewski).<\/span><\/p>\n<p style=\"text-align: center;\"><img loading=\"lazy\" decoding=\"async\" class=\"aligncenter size-full wp-image-1116\" src=\"https:\/\/mbloretanska.pl\/wp-content\/uploads\/2018\/01\/Plan-Raucha-1796-zepol-bernardynski-kosciol-Warszawa-Praga-Ratuszowa.jpg\" alt=\"\" width=\"633\" height=\"455\" srcset=\"https:\/\/mbloretanska.pl\/wp-content\/uploads\/2018\/01\/Plan-Raucha-1796-zepol-bernardynski-kosciol-Warszawa-Praga-Ratuszowa.jpg 633w, https:\/\/mbloretanska.pl\/wp-content\/uploads\/2018\/01\/Plan-Raucha-1796-zepol-bernardynski-kosciol-Warszawa-Praga-Ratuszowa-300x216.jpg 300w, https:\/\/mbloretanska.pl\/wp-content\/uploads\/2018\/01\/Plan-Raucha-1796-zepol-bernardynski-kosciol-Warszawa-Praga-Ratuszowa-450x323.jpg 450w\" sizes=\"auto, (max-width: 633px) 100vw, 633px\" \/><span style=\"color: #808080;\">Ko\u015bci\u00f3\u0142 bernardy\u0144ski by\u0142 usytuowany po p\u00f3\u0142nocnej stronie kaplicy, <\/span><br \/>\n<span style=\"color: #808080;\">r\u00f3wnolegle do ul. Ratuszowej z wej\u015bciem od strony Wis\u0142y (Plan Raucha 1796 r.). Informacja:&nbsp;<a style=\"color: #808080;\" href=\"https:\/\/muzeumpragi.pl\/\">Muzeum warszawskiej Pragi<\/a>.<\/span><\/p>\n<p style=\"text-align: left;\">&nbsp; &nbsp; Dzi\u0119ki wsparciu monarch\u00f3w &#8211; Zygmunta III i jego syna W\u0142adys\u0142aw IV &#8211; wzniesiono w latach 1628 &#8211; 1638 murowany ko\u015bci\u00f3\u0142 i klasztor. \u015awi\u0105tynia pocz\u0105tkowo po\u015bwi\u0119cona \u015bw. Andrzejowi od 1738 r. otrzyma\u0142a za Patronk\u0119 Naj\u015bwi\u0119tsz\u0105 Maryj\u0119 Pann\u0119 Niepokalanie Pocz\u0119t\u0105. Ojcowie Bernardyni przy po\u0142udniowej \u015bcianie swojego ko\u015bcio\u0142a wznie\u015bli kaplic\u0119 z Domkiem Loreta\u0144skim. Autorem projektu by\u0142 prawdopodobnie kr\u00f3lewski architekt Konstantyn Tencalla. Uroczyste po\u015bwi\u0119cenie kaplicy Loreta\u0144skiej mia\u0142o miejsce w 1642 r. G\u0142\u00f3wnym inicjatorem jej budowy by\u0142 gwardian praskiego klasztoru, o. Wincenty Morawski, kt\u00f3ry b\u0119d\u0105c w Loreto, dokona\u0142 pomiar\u00f3w poszczeg\u00f3lnych element\u00f3w i detali Domku Loreta\u0144skiego, by m\u00f3c go w Polsce jak najwierniej odtworzy\u0107.<\/p>\n<div>&nbsp;<\/div>\n<div>&nbsp; &nbsp; Inicjatywa Ojc\u00f3w Bernardyn\u00f3w spotka\u0142a si\u0119 z \u017cyczliwym przyj\u0119ciem wiernych. Budow\u0119 hojnie wspar\u0142 kr\u00f3l W\u0142adys\u0142aw. Szlachta, duchowie\u0144stwo i mieszczanie r\u00f3wnie\u017c nie szcz\u0119dzili ofiary na budow\u0119. Gdy kr\u00f3l W\u0142adys\u0142aw IV nada\u0142 Pradze w 1648 roku prawa miejskie, w herbie miasta znalaz\u0142 si\u0119 wizerunek Matki Bo\u017cej z Dzieci\u0105tkiem nad kaplic\u0105 Loreta\u0144sk\u0105 podtrzymywan\u0105 przez anio\u0142y.<\/div>\n<div class=\"tekst\">\n<p>&nbsp; &nbsp; &nbsp;Figur\u0119 Matki Bo\u017cej Loreta\u0144skiej &#8211; sprowadzon\u0105 do Polski przed 1640 r. zapewne przez kr\u00f3la W\u0142adys\u0142awa IV &#8211; pocz\u0105tkowo od wiernych oddziela\u0142a krata. Pos\u0105g odziany by\u0142 w szaty z drogocennych tkanin, kt\u00f3re ofiarowa\u0142a Anna Katarzyna, siostra kr\u00f3la W\u0142adys\u0142awa IV. Skronie Matki Bo\u017cej i Dzieci\u0105tka zdoby\u0142y z\u0142ote korony, ofiarowane przez kr\u00f3low\u0105 Cecyli\u0119 Renat\u0119. Przed figur\u0105 p\u0142on\u0119\u0142o 14 pochodni-lamp ze z\u0142oconego srebra.<\/p>\n<\/div>\n<div class=\"tekst\">&nbsp; &nbsp; &nbsp;Kaplica od chwili powstania sta\u0142a si\u0119 miejscem szczeg\u00f3lnego kultu. \u017byj\u0105cy w XIX wieku historyk Warszawy Franciszek M. Sobieszcza\u0144ski pisze: &#8222;Tutaj&nbsp;co sobota w czasie adwentu zbierali si\u0119 t\u0142umami z okolic i ze stolicy ludzie i na kolanach odbywali podr\u00f3\u017c po korytarzach. W ka\u017cd\u0105 inn\u0105 sobot\u0119 odbywali&nbsp;po po\u0142udniu do Loretu praskiego podobne pielgrzymki studenci z Warszawy ze szk\u00f3\u0142 pijarskich i jezuickich pod przewodnictwem w\u0142a\u015bciwych prefekt\u00f3w&nbsp;i nauczycieli. W porze zimowej, kiedy Wis\u0142a stan\u0119\u0142a, odbywa\u0142 si\u0119 uroczysty poch\u00f3d przez rzek\u0119, z muzyk\u0105, z chor\u0105gwiami i ze \u015bwiat\u0142em. (&#8230;) W takim poszanowaniu i nabo\u017ce\u0144stwie s\u0142yn\u0119\u0142o to miejsce a\u017c do ostatnich czas\u00f3w Rzeczypospolitej&#8221;.<\/div>\n<div>&nbsp;<\/div>\n<div class=\"tekst\">&nbsp; &nbsp; &nbsp;W czasie potopu szwedzkiego podczas trzydniowej bitwy o Warszaw\u0119 w lipcu 1656 r. ko\u015bci\u00f3\u0142, kaplica i zabudowania klasztoru zosta\u0142y uszkodzone i ograbione. Dzi\u0119ki darowi\u017anie kasztelana krakowskiego Stefana Warszyckiego i jego brata Micha\u0142a, wojewody sandomierskiego, kaplica i klasztor zosta\u0142y odbudowane. Ponownie ograbiono \u015bwi\u0105tyni\u0119 podczas szturmu wojsk rosyjskich Aleksandra Suworowa na Warszaw\u0119 w 1794 r.<\/div>\n<div>&nbsp;<\/div>\n<div class=\"tekst\">&nbsp; &nbsp; &nbsp;W czasach napoleo\u0144skich w zwi\u0105zku z budow\u0105 na Pradze fortyfikacji w\u0142adze Ksi\u0119stwa Warszawskiego na polecenie Francuz\u00f3w wyda\u0142y nakaz rozbi\u00f3rki ko\u015bcio\u0142a bernardyn\u00f3w. W 1811 r. rozebrano \u015bwi\u0105tyni\u0119 i klasztor. Podobny los spotka\u0142 wiele innych budynk\u00f3w na linii Wis\u0142y do ul. Targowej. Dzi\u0119ki zdecydowanemu sprzeciwowi miejscowej ludno\u015bci, przywi\u0105zanej do kultu Matki Bo\u017cej, kaplica Loreta\u0144ska nie zosta\u0142a rozebrana. Jednak zakonnicy, opuszczaj\u0105c to miejsce, zabrali ze sob\u0105 figur\u0119 Matki Bo\u017cej, kt\u00f3r\u0105 przenie\u015bli do ko\u015bcio\u0142a \u015bw. Anny na Krakowskim Przedmie\u015bciu, gdzie w latach trzydziestych XIX w. zbudowali specjaln\u0105 kaplic\u0119.<\/div>\n<div>&nbsp;<\/div>\n<div class=\"tekst\">&nbsp; &nbsp; &nbsp;Po zako\u0144czeniu wojen napoleo\u0144skich ogo\u0142ocony Domek Loreta\u0144ski pozosta\u0142 jedyn\u0105 \u015bwi\u0105tyni\u0105 na Pradze. W miejsce otoczonej kultem figury Matki Bo\u017cej Loreta\u0144skiej pojawi\u0142a si\u0119 gotycka rze\u017aba Maryi z Dzieci\u0105tkiem zwana Matk\u0105 Bo\u017ca Kamionkowsk\u0105. Znajdowa\u0142a si\u0119 ona pierwotnie w ko\u015bciele \u015bw. Stanis\u0142awa&nbsp;na Kamionie. Podczas potopu szwedzkiego \u00f3wczesny proboszcz, przenosz\u0105c si\u0119 do Skaryszewa, zabra\u0142 figur\u0119 ze sob\u0105, umieszczaj\u0105c j\u0105 w o\u0142tarzu g\u0142\u00f3wnym ko\u015bcio\u0142a skarszewskiego, gdzie cieszy\u0142a si\u0119 szczeg\u00f3ln\u0105 czci\u0105. Gdy w 1807 r. rozebrano ko\u015bci\u00f3\u0142 na Skaryszewie, przeniesiono figur\u0119 do Domku Loreta\u0144skiego&nbsp;na Pradze. Drewniana statua Matki Bo\u017cej Wniebowzi\u0119tej, licz\u0105ca 122,5 cm wysoko\u015bci, powsta\u0142a na Mazowszu oko\u0142o 1500 r.<\/div>\n<div>&nbsp;<\/div>\n<div class=\"tekst\">&nbsp; &nbsp; &nbsp;W Zwi\u0105zku z tym, \u017ce kaplica Loreta\u0144ska by\u0142a w XIX w. jedyn\u0105 czynn\u0105 \u015bwi\u0105tyni\u0105 na Pradze, sta\u0142a si\u0119 nie tylko maryjnym sanktuarium, ale r\u00f3wnie\u017c zacz\u0119\u0142a pe\u0142ni\u0107 funkcj\u0119 ko\u015bcio\u0142a parafialnego. Na pocz\u0105tku XX wieku podczas remontu zabytkowej budowli odnaleziono pod schodami schowek, a w nim 10 kielich\u00f3w, trybularz, 3 lampy zachowane z pierwotnego wyposa\u017cenia (14 takich lamp p\u0142on\u0119\u0142o niegdy\u015b przez figur\u0105 Matki Bo\u017cej Loreta\u0144skiej).&nbsp;Kaplica dozna\u0142a uszkodze\u0144 na pocz\u0105tku II wojny \u015bwiatowej i w 1944 roku w wyniku ostrza\u0142u artyleryjskiego. Odbudowano j\u0105, zarazem przebudowuj\u0105c, w 1853 r. wed\u0142ug projektu Alfonsa Kropiwnickiego. Wzniesiono wtedy attyk\u0119 przy wej\u015bciu z klasycystycznym pi\u0119trowym portalem. Kru\u017cganki i Domek Loreta\u0144ski pokryto wsp\u00f3lnym dachem, dostosowuj\u0105c wn\u0119trze \u015bwi\u0105tyni do potrzeb parafii.<\/div>\n<div class=\"tekst\"><em>&nbsp; &nbsp; &nbsp; &nbsp; &nbsp; &nbsp; &nbsp; &nbsp; &nbsp; &nbsp; &nbsp; &nbsp; &nbsp; &nbsp; &nbsp; &nbsp; &nbsp; &nbsp; &nbsp; &nbsp; &nbsp; &nbsp; &nbsp; &nbsp; &nbsp; &nbsp; &nbsp; &nbsp; &nbsp; &nbsp; &nbsp; &nbsp; &nbsp; &nbsp; &nbsp; &nbsp; &nbsp; &nbsp; &nbsp; &nbsp; &nbsp; &nbsp; &nbsp; &nbsp; &nbsp; &nbsp; &nbsp; &nbsp; &nbsp; &nbsp; &nbsp; &nbsp; &nbsp; &nbsp; &nbsp; &nbsp; Na podstawie artyku\u0142u &#8222;Loreto nad Wis\u0142\u0105&#8221; autorstwa Andrzeja Kuleszy.<\/em><\/div>\n<div>&nbsp;<\/div>\n<div>\n<hr>\n<\/div>\n<div>&nbsp;<\/div>\n<div>\n<div id=\"dwp-main\">\n<div class=\"WDlst\">\n<div class=\"DWPmore\">\n<div class=\"DWPbtn\"><a class=\"DWPbtn\">&nbsp;<\/a><\/div>\n<\/div>\n<\/div>\n<div class=\"WDlst\">\n<div>Liczba parafian: 10000<\/div>\n<div class=\"DWPmore DWPrys\">\n<div>Parafi\u0119 erygowa\u0142 Bp Stanis\u0142aw Gall 1&nbsp;sierpnia 1941&nbsp;roku wydzielaj\u0105c j\u0105 z istniej\u0105cej od XIV&nbsp;w. parafii praskiej.<\/div>\n<\/div>\n<div>&nbsp;<\/div>\n<\/div>\n<\/div>\n<\/div>\n<div>&nbsp;<\/div>\n<div>&nbsp;<\/div>\n<div style=\"text-align: center;\"><strong>Ksi\u0119\u017ca pos\u0142uguj\u0105cy w parafii:<\/strong><\/div>\n<div><span style=\"color: #ff0000;\"><br \/>\nProboszcz<\/span><\/div>\n<div>\n<div id=\"dwp-main\">\n<div class=\"WDlst\">\n<div>\n<div>Ks. Kloch Zbigniew, od 01.07.2017<\/div>\n<div><span style=\"color: #ff0000;\"><br \/>\nWikariusze<\/span><\/div>\n<\/div>\n<\/div>\n<div class=\"WDlst\">\n<div>\n<div>\n<p><span data-olk-copy-source=\"MessageBody\">Ks. Pawe\u0142 Kondracki od 26.08.2025<\/span><\/p>\n<p><span style=\"color: #ff0000;\">Rezydenci<\/span><\/p>\n<\/div>\n<p>Ks. \u0141ukasz Szkar\u0142at od 01.01.2025<\/p>\n<div>&nbsp;<\/div>\n<div style=\"text-align: center;\">\n<p><strong>Ksi\u0119\u017ca poprzednio pos\u0142uguj\u0105cy w parafii:<\/strong><\/p>\n<\/div>\n<\/div>\n<\/div>\n<\/div>\n<\/div>\n<div>\n<div id=\"dwp-main\">\n<div class=\"WDlst\">\n<div>\n<div style=\"text-align: center;\"><strong>Proboszczowie:<\/strong><\/div>\n<div>Ks. Strzy\u017c Jan, 17.06.2006\u200a\u2013\u200a01.07.2017<\/div>\n<div>Ks. Sa\u0142a\u0144ski Bogdan, 24.06.2004\u200a\u201317.06.2006<\/div>\n<div>Ks. Gaszkowski Zbigniew, 22.06.1994\u200a\u2013\u200a24.06.2004<\/div>\n<div>\u2020 Ks. Gwiazdowski Stefan, 25.02.1977\u200a\u2013\u200a22.06.1994<\/div>\n<div>\u2020 Ks. Niedzielak Stefan, 25.02.1961\u2013\u200a25.02.1977<\/div>\n<div>\u2020 Ks. Haze Antoni, 01.08.1941\u2013\u200a25.02.1961<\/div>\n<div style=\"text-align: center;\"><strong><br \/>\nAdministrator:<\/strong><\/div>\n<\/div>\n<div>\n<div>\u2020 Ks. Haze Antoni, 01.08.1923\u200a\u2013\u200a01.08.1941<\/div>\n<div style=\"text-align: center;\"><strong><br \/>\nWikariusze:<\/strong><\/div>\n<\/div>\n<div class=\"DWPmore open\">\n<div>Ks. Tadeusz Siewko <span data-olk-copy-source=\"MessageBody\">27.08.2020 &#8211; 26.08.2025<\/span><\/div>\n<div>Ks. \u0141ukasz Szkar\u0142at, 25.08.2019 &#8211; 31.12.2024<\/div>\n<div>Ks. Gawro\u0144ski Jaros\u0142aw, 28.02.2017 &#8211; 27.08. 2020<\/div>\n<div>Ks. Malmon Marcin, 26.08.2015\u200a\u2013\u200a28.02.2017, 01.11.2017-14.12.2018<\/div>\n<div>Ks. Chojnacki Kamil Jerzy, 07.12.2008\u200a\u2013\u200a30.08.2015<\/div>\n<div>Ks. Moczulski Tomasz Andrzej, 29.08.2010\u200a\u2013\u200a28.06.2011<\/div>\n<div>Ks. Zi\u00f3\u0142kowski Robert, 29.08.2009\u200a\u2013\u200a29.08.2010<\/div>\n<div>Ks. Sk\u0142ucki Jerzy Marcin, 29.06.2007\u200a\u2013\u200a29.08.2009<\/div>\n<div>Ks. \u015acis\u0142owski Adam Antoni, 01.07.2007\u200a\u2013\u200a07.12.2008<\/div>\n<div>Ks. D\u0142ugosz Robert, 29.06.2002\u200a\u2013\u200a01.07.2007<\/div>\n<div>Ks. Koz\u0142owski Marek, 01.07.2005\u200a\u2013\u200a01.07.2007<\/div>\n<div>Ks. Zag\u00f3rowski Grzegorz, 03.07.2004\u200a\u2013\u200a22.06.2005<\/div>\n<div>Ks. Osiadacz Tomasz, 18.06.2002\u200a\u2013\u200a09.09.2003<\/div>\n<div>Ks. Walicki Dariusz, 30.06.2000\u200a\u2013\u200a29.06.2002<\/div>\n<div>Ks. W\u0119grzynowicz Ireneusz, 20.06.2000\u200a\u201318.06.2002<\/div>\n<div>Ks. Tomasik Piotr, 26.06.1998\u200a\u2013\u200a30.06.2000<\/div>\n<div>Ks. Zdanowicz Marek, 28.06.1997\u200a\u2013\u200a30.06.2000<\/div>\n<div>Ks. Cyli\u0144ski Krzysztof Piotr, 22.06.1994\u200a\u2013\u200a20.06.2000<\/div>\n<div>Ks. Strzy\u017c Jan, 30.06.1993\u200a\u201318.06.1998<\/div>\n<div>Ks. Kopczy\u0144ski Tadeusz, 22.06.1993\u200a\u2013\u200a20.06.1997<\/div>\n<div>Ks. Radecki Jerzy, 19.08.1991\u2013\u200a30.06.1993<\/div>\n<div>Ks. Ruci\u0144ski Jan, 15.06.1989\u200a\u2013\u200a22.06.1993<\/div>\n<div>Ks. Skonieczny Wies\u0142aw, 21.06.1990\u200a\u201319.08.1991<\/div>\n<div>Ks. Laskowski Ryszard, 16.06.1986\u200a\u2013\u200a21.06.1990<\/div>\n<div>Ks. Przegali\u0144ski Bogdan, 16.06.1986\u200a\u201315.06.1989<\/div>\n<div>Ks. Ko\u0142odziejski Stanis\u0142aw, 20.08.1981\u201316.06.1986<\/div>\n<div>\u2020 Ks. Kwiatkowski Jerzy, 1984\u200a\u201316.06.1986<\/div>\n<div>\u2020 Ks. Giertuga Bogus\u0142aw, 20.06.1980\u200a\u2013\u200a20.10.1983<\/div>\n<div>Ks. Gucik J\u00f3zef OSJ, 07.08.1981\u20131983<\/div>\n<div>Ks. Boczek Henryk, 1976\u200a\u201315.03.1982<\/div>\n<div>Ks. D\u0105browski Ryszard, 15.06.1981\u2013\u200a29.06.1981<\/div>\n<div>Ks. Grabowski Stanis\u0142aw, 08.06.1974\u200a\u201315.06.1981<\/div>\n<div>Ks. S\u0142yk Edward, 17.06.1977\u200a\u2013\u200a01.03.1980<\/div>\n<div>Ks. Kaniewski Pawe\u0142 Waldemar, 15.05.1976\u200a\u201317.06.1977<\/div>\n<div>Ks. Kamieniecki Kazimierz, 28.10.1976\u200a\u201310.06.1977<\/div>\n<div>\u2020 Ks. \u017bmijewski Edward, 15.05.1976\u200a\u2013\u200a28.10.1976<\/div>\n<div>Ks. Nowosielski Wies\u0142aw Daniel, 12.08.1970\u200a\u201315.05.1976<\/div>\n<div>Ks. Zieli\u0144ski Jan, 10.06.1972\u200a\u201315.05.1976<\/div>\n<div>Ks. Ma\u0142ecki Andrzej, 22.03.1975\u200a\u20131976<\/div>\n<div>\u2020 Ks. Ku\u015bmierczyk Janusz, 15.12.1973\u200a\u2013\u200a22.03.1975<\/div>\n<div>Ks. Wronka Jan, 30.12.1972\u200a\u201319.12.1973<\/div>\n<div>Ks. Bag\u0142aj Zdzis\u0142aw, 10.06.1972\u200a\u2013\u200a28.08.1973<\/div>\n<div>Ks. Skrzypek Ryszard, 26.10.1973\u200a\u20131973<\/div>\n<div>\u2020 Ks. Rogulski Franciszek, 01.06.1963\u200a\u201316.11.1972<\/div>\n<div>Ks. Wnuk Marian, 10.06.1970\u200a\u201310.06.1972<\/div>\n<div>\u2020 Ks. Wilkowski Kazimierz, 16.06.1964\u200a\u2013\u200a26.02.1972<\/div>\n<div>Ks. Ha\u0142abuda Stanis\u0142aw, 01.06.1967\u200a\u201312.08.1970<\/div>\n<div>Ks. Szczypi\u0144ski Henryk, 01.06.1967\u200a\u201310.06.1970<\/div>\n<div>\u2020 Ks. Kr\u00f3l Zdzis\u0142aw, 13.01.1966\u200a\u2013\u200a01.09.1967<\/div>\n<div>\u2020 Ks. Jarosz Leonard, 20.06.1960\u200a\u2013\u200a01.06.1967<\/div>\n<div>Ks. Lewandowski Jan, 13.04.1965\u200a\u201317.12.1966<\/div>\n<div>Ks. Garstka Edward, 15.06.1964\u200a\u2013\u200a23.12.1964<\/div>\n<div>Ks. Indrzejczyk Roman, 11.06.1963\u200a\u201316.06.1964<\/div>\n<div>Ks. Buczy\u0144ski Jan, 29.08.1959\u200a\u201315.07.1963<\/div>\n<div>Ks. Gogacz Stanis\u0142aw, 07.06.1962\u200a\u201319.06.1963<\/div>\n<div>Ks. Rokicki Henryk, 10.06.1961\u2013\u200a07.06.1962<\/div>\n<div>\u2020 Ks. Ko\u015bnik Stefan Franciszek, 30.08.1960\u200a\u2013\u200a24.07.1961<\/div>\n<div>Ks. Betlejewski Roch OFM, 23.08.1957\u200a\u2013\u200a28.01.1961<\/div>\n<div>Ks. Str\u0119kowski Tadeusz, 11.09.1957\u200a\u2013\u200a01.09.1960<\/div>\n<div>Ks. Jaszczo\u0142t Antoni, 05.08.1959\u200a\u2013\u200a30.07.1960<\/div>\n<div>Ks. Wolski Stanis\u0142aw, 14.11.1953\u200a\u2013\u200a30.09.1959<\/div>\n<div>Ks. Tworkowski Stanis\u0142aw, 01.08.1952\u200a\u2013\u200a29.08.1959<\/div>\n<div>\u2020 Ks. Broma Franciszek, 08.03.1952\u200a\u2013\u200a08.07.1957<\/div>\n<div>\u2020 Ks. Malesa Stanis\u0142aw, 30.06.1943\u200a\u2013\u200a01.08.1952<\/div>\n<div>Ks. Bank Bruno, 11.01.1951\u2013\u200a08.03.1952<\/div>\n<div>Ks. \u015amia\u0142ek Boles\u0142aw, 28.05.1949\u200a\u201311.01.1951<\/div>\n<div>Ks. Szmidt Zdzis\u0142aw, 02.07.1949\u200a\u201311.11.1949<\/div>\n<div>Ks. Wasilewski Marian, 13.10.1945\u200a\u2013\u200a22.06.1949<\/div>\n<div>\u2020 Ks. Broma Franciszek, 01.07.1948\u200a\u2013\u200a28.05.1949<\/div>\n<div>Ks. Mi\u0144kowski Marcjan Bogumi\u0142, 01.07.1945\u200a\u2013\u200a01.07.1948<\/div>\n<div>Ks. Bogucki Teofil, 02.1945\u200a\u2013\u200a08.1945<\/div>\n<div>Ks. W\u0142odarczyk Franciszek, 29.01.1945\u200a\u2013\u200a06.07.1945<\/div>\n<div>\u2020 Ks. Czerwi\u0144ski W\u0142adys\u0142aw, 07.06.1944\u200a\u2013\u200a29.01.1945<\/div>\n<div>Ks. Bogucki Teofil, 01.08.1941\u2013\u200a07.06.1944<\/div>\n<div>Ks. Arndt Stefan, 01.08.1941\u2013\u200a30.06.1943<\/div>\n<div class=\"DWPbtn\" style=\"text-align: center;\"><strong><br \/>\nRezydenci:<br \/>\n<\/strong><\/div>\n<div>Ks. \u0141ukasz Szkar\u0142at, od 01.012025<br \/>\nKs. Szczepaniuk Dariusz, 28.08.2009 &#8211; 26.08.2023<\/div>\n<div class=\"DWPbtn\">Ks. Sza\u0142kowski Cezary Robert, 26.08.2017<strong><br \/>\n<\/strong><\/div>\n<\/div>\n<div class=\"DWPmore open\">\n<div>\u2020 Ks. \u015awieboda Witold, 29.08.2010\u200a\u2013\u200a27.08.2014<\/div>\n<div>\u2020 Ks. Gwiazdowski Stefan, 22.06.1994\u200a\u201315.12.2008 (\u2020)<\/div>\n<div>Ks. Tomasik Piotr, 30.06.2000\u200a\u2013\u200a22.06.2007<\/div>\n<div>Ks. Przyby\u0142owski Eugeniusz, 15.06.1988\u200a\u2013\u200a22.12.1989<\/div>\n<div>Ks. Cholewa Miros\u0142aw, 15.06.1985\u200a\u201312.07.1986<\/div>\n<div>Ks. Starowieyski Marek, 17.06.1977\u200a\u20131985<\/div>\n<div>\u2020 Ks. Kr\u00f3l Zdzis\u0142aw, 01.09.1967\u200a\u201312.08.1970<\/div>\n<div>\u2020 Ks. Haze Antoni, 25.02.1961\u2013\u200a01.06.1968<\/div>\n<div>Ks. Gogacz Stanis\u0142aw, 19.06.1963\u200a\u2013\u200a01.06.1964<\/div>\n<div>\u2020 Ks. Ko\u015bnik Stefan Franciszek, 24.07.1961\u201318.06.1963<\/div>\n<\/div>\n<\/div>\n<div class=\"WDlst\">&nbsp;<\/div>\n<\/div>\n<\/div>\n<div>\n<div id=\"dwp-main\">\n<div class=\"WDlst\">\n<div>\n<div style=\"text-align: center;\">\n<p><strong>Do parafii nale\u017c\u0105:<\/strong><\/p>\n<\/div>\n<\/div>\n<div class=\"DWPdpn\">\n<div>Praga-P\u00f3\u0142noc: <span class=\"ulice\">Aleja Kazimierza Lisieckiego \u201eDziadka\u201d, Tadeusza Borowskiego, Bertolta Brechta, Wenantego Burdzi\u0144skiego, \u015awi\u0119tych Cyryla i Metodego (<span class=\"zakres\">nieprzyste<\/span>), Karola Darwina, D\u0105browszczak\u00f3w, Janusza Groszkowskiego, Harnasie, In\u017cynierska (<span class=\"zakres\">nieprzyste<\/span>), Jagiello\u0144ska (<span class=\"zakres\">od \u015aw. Cyryla i Metodego, nieparzyste do 51, parzyste do Sta\u017cy\u0144skiego<\/span>), Kameralna, Karola Linneusza, 11 Listopada (<span class=\"zakres\">nieparzyste do tor\u00f3w, parzyste do I\u017cynierskiej<\/span>), Waleriana \u0141ukasi\u0144skiego, Jana M\u0142ota, Most Gda\u0144ski, Namys\u0142owska, J\u00f3zefa Nusbauma-Hilarowicza, Plac gen. J\u00f3zefa Hallera, Ratuszowa, W\u0142adys\u0142awa Skoczylasa, Stefana Starzy\u0144skiego, J\u00f3zefa Szanajcy, Karola Szymanowskiego, Targowa (<span class=\"zakres\">od Wile\u0144skiej<\/span>), Wile\u0144ska (<span class=\"zakres\">nieparzyste do In\u017cynierskiej<\/span>), Wybrze\u017ce Helskie<\/span><\/div>\n<div>&nbsp;<\/div>\n<div style=\"text-align: center;\"><strong>Na terenie parafii znajduje si\u0119:<\/strong><\/div>\n<div><strong><br \/>\n<\/strong>Zgromadzenie C\u00f3rek Maryi Niepokalanej, Warszawa, ul. Darwina 4 m. 20.<span class=\"num\"><br \/>\n<\/span><\/div>\n<\/div>\n<\/div>\n<\/div>\n<\/div>\n<div>\n<hr>\n<\/div>\n<div>Po wi\u0119cej historycznych ciekawostek i tajemnic z warszawskiej Pragi zapraszamy pod adres: BEDEKER &#8211; PRZEWODNIK WARSZAWSKI : <a href=\"https:\/\/bedeker.waw.pl\/index.php\/2020\/04\/11\/kosciol-matki-bozej-loretanskiej-na-warszawskiej-pradze\/\" target=\"_blank\" rel=\"noopener noreferrer\">TUTAJ<\/a><\/div>\n<div>&nbsp;<\/div>\n<\/div><\/section>\n","protected":false},"excerpt":{"rendered":"","protected":false},"author":1,"featured_media":0,"parent":2,"menu_order":0,"comment_status":"closed","ping_status":"closed","template":"","meta":{"ngg_post_thumbnail":0,"footnotes":""},"class_list":["post-34","page","type-page","status-publish","hentry"],"_links":{"self":[{"href":"https:\/\/mbloretanska.pl\/index.php?rest_route=\/wp\/v2\/pages\/34","targetHints":{"allow":["GET"]}}],"collection":[{"href":"https:\/\/mbloretanska.pl\/index.php?rest_route=\/wp\/v2\/pages"}],"about":[{"href":"https:\/\/mbloretanska.pl\/index.php?rest_route=\/wp\/v2\/types\/page"}],"author":[{"embeddable":true,"href":"https:\/\/mbloretanska.pl\/index.php?rest_route=\/wp\/v2\/users\/1"}],"replies":[{"embeddable":true,"href":"https:\/\/mbloretanska.pl\/index.php?rest_route=%2Fwp%2Fv2%2Fcomments&post=34"}],"version-history":[{"count":46,"href":"https:\/\/mbloretanska.pl\/index.php?rest_route=\/wp\/v2\/pages\/34\/revisions"}],"predecessor-version":[{"id":5967,"href":"https:\/\/mbloretanska.pl\/index.php?rest_route=\/wp\/v2\/pages\/34\/revisions\/5967"}],"up":[{"embeddable":true,"href":"https:\/\/mbloretanska.pl\/index.php?rest_route=\/wp\/v2\/pages\/2"}],"wp:attachment":[{"href":"https:\/\/mbloretanska.pl\/index.php?rest_route=%2Fwp%2Fv2%2Fmedia&parent=34"}],"curies":[{"name":"wp","href":"https:\/\/api.w.org\/{rel}","templated":true}]}}