{"id":1644,"date":"2018-05-19T21:47:27","date_gmt":"2018-05-19T19:47:27","guid":{"rendered":"http:\/\/mbloretanska.pl\/?page_id=1644"},"modified":"2018-06-06T15:03:24","modified_gmt":"2018-06-06T13:03:24","slug":"nawiedzenie-obrazu-mb-czestochowskiej","status":"publish","type":"page","link":"https:\/\/mbloretanska.pl\/?page_id=1644","title":{"rendered":"Nawiedzenie Obrazu MB Cz\u0119stochowskiej"},"content":{"rendered":"<p style=\"text-align: center;\">Pobierz i wydrukuj poni\u017csz\u0105 ulotk\u0119: <a href=\"https:\/\/mbloretanska.pl\/wp-content\/uploads\/2018\/05\/ulotka-MB-Cz\u0119stocjowska-nawiedzenie-obrazu.pdf\">LINK<\/a>.<\/p>\n<p><img loading=\"lazy\" decoding=\"async\" class=\"aligncenter wp-image-1640 size-large\" src=\"https:\/\/mbloretanska.pl\/wp-content\/uploads\/2018\/05\/Zrzut-ekranu-2018-05-19-o-21.40.16-1030x741.png\" alt=\"\" width=\"1030\" height=\"741\" srcset=\"https:\/\/mbloretanska.pl\/wp-content\/uploads\/2018\/05\/Zrzut-ekranu-2018-05-19-o-21.40.16-1030x741.png 1030w, https:\/\/mbloretanska.pl\/wp-content\/uploads\/2018\/05\/Zrzut-ekranu-2018-05-19-o-21.40.16-300x216.png 300w, https:\/\/mbloretanska.pl\/wp-content\/uploads\/2018\/05\/Zrzut-ekranu-2018-05-19-o-21.40.16-768x552.png 768w, https:\/\/mbloretanska.pl\/wp-content\/uploads\/2018\/05\/Zrzut-ekranu-2018-05-19-o-21.40.16-1500x1079.png 1500w, https:\/\/mbloretanska.pl\/wp-content\/uploads\/2018\/05\/Zrzut-ekranu-2018-05-19-o-21.40.16-705x507.png 705w, https:\/\/mbloretanska.pl\/wp-content\/uploads\/2018\/05\/Zrzut-ekranu-2018-05-19-o-21.40.16-450x324.png 450w, https:\/\/mbloretanska.pl\/wp-content\/uploads\/2018\/05\/Zrzut-ekranu-2018-05-19-o-21.40.16.png 1660w\" sizes=\"auto, (max-width: 1030px) 100vw, 1030px\" \/><\/p>\n<p><img loading=\"lazy\" decoding=\"async\" class=\"aligncenter wp-image-1641 size-large\" src=\"https:\/\/mbloretanska.pl\/wp-content\/uploads\/2018\/05\/Zrzut-ekranu-2018-05-19-o-21.40.30-1030x740.png\" alt=\"\" width=\"1030\" height=\"740\" srcset=\"https:\/\/mbloretanska.pl\/wp-content\/uploads\/2018\/05\/Zrzut-ekranu-2018-05-19-o-21.40.30-1030x740.png 1030w, https:\/\/mbloretanska.pl\/wp-content\/uploads\/2018\/05\/Zrzut-ekranu-2018-05-19-o-21.40.30-300x216.png 300w, https:\/\/mbloretanska.pl\/wp-content\/uploads\/2018\/05\/Zrzut-ekranu-2018-05-19-o-21.40.30-768x552.png 768w, https:\/\/mbloretanska.pl\/wp-content\/uploads\/2018\/05\/Zrzut-ekranu-2018-05-19-o-21.40.30-1500x1078.png 1500w, https:\/\/mbloretanska.pl\/wp-content\/uploads\/2018\/05\/Zrzut-ekranu-2018-05-19-o-21.40.30-705x506.png 705w, https:\/\/mbloretanska.pl\/wp-content\/uploads\/2018\/05\/Zrzut-ekranu-2018-05-19-o-21.40.30-450x323.png 450w, https:\/\/mbloretanska.pl\/wp-content\/uploads\/2018\/05\/Zrzut-ekranu-2018-05-19-o-21.40.30.png 1662w\" sizes=\"auto, (max-width: 1030px) 100vw, 1030px\" \/><\/p>\n<p>&nbsp;<\/p>\n<p style=\"text-align: center;\">Pobierz i wydrukuj poni\u017cszy\u00a0&#8222;dar duchowy&#8221;: <a href=\"https:\/\/mbloretanska.pl\/wp-content\/uploads\/2018\/05\/dar-duchowy-MB-Cz\u0119stochowska.pdf\">LINK<\/a>.<\/p>\n<p><img loading=\"lazy\" decoding=\"async\" class=\"aligncenter wp-image-1642 size-large\" src=\"https:\/\/mbloretanska.pl\/wp-content\/uploads\/2018\/05\/Zrzut-ekranu-2018-05-19-o-21.40.55-1030x730.png\" alt=\"\" width=\"1030\" height=\"730\" srcset=\"https:\/\/mbloretanska.pl\/wp-content\/uploads\/2018\/05\/Zrzut-ekranu-2018-05-19-o-21.40.55-1030x730.png 1030w, https:\/\/mbloretanska.pl\/wp-content\/uploads\/2018\/05\/Zrzut-ekranu-2018-05-19-o-21.40.55-300x213.png 300w, https:\/\/mbloretanska.pl\/wp-content\/uploads\/2018\/05\/Zrzut-ekranu-2018-05-19-o-21.40.55-768x545.png 768w, https:\/\/mbloretanska.pl\/wp-content\/uploads\/2018\/05\/Zrzut-ekranu-2018-05-19-o-21.40.55-1500x1064.png 1500w, https:\/\/mbloretanska.pl\/wp-content\/uploads\/2018\/05\/Zrzut-ekranu-2018-05-19-o-21.40.55-260x185.png 260w, https:\/\/mbloretanska.pl\/wp-content\/uploads\/2018\/05\/Zrzut-ekranu-2018-05-19-o-21.40.55-705x500.png 705w, https:\/\/mbloretanska.pl\/wp-content\/uploads\/2018\/05\/Zrzut-ekranu-2018-05-19-o-21.40.55-450x319.png 450w, https:\/\/mbloretanska.pl\/wp-content\/uploads\/2018\/05\/Zrzut-ekranu-2018-05-19-o-21.40.55.png 1678w\" sizes=\"auto, (max-width: 1030px) 100vw, 1030px\" \/><\/p>\n<p><img loading=\"lazy\" decoding=\"async\" class=\"aligncenter wp-image-1643 size-large\" src=\"https:\/\/mbloretanska.pl\/wp-content\/uploads\/2018\/05\/Zrzut-ekranu-2018-05-19-o-21.41.22-1030x730.png\" alt=\"\" width=\"1030\" height=\"730\" srcset=\"https:\/\/mbloretanska.pl\/wp-content\/uploads\/2018\/05\/Zrzut-ekranu-2018-05-19-o-21.41.22-1030x730.png 1030w, https:\/\/mbloretanska.pl\/wp-content\/uploads\/2018\/05\/Zrzut-ekranu-2018-05-19-o-21.41.22-300x213.png 300w, https:\/\/mbloretanska.pl\/wp-content\/uploads\/2018\/05\/Zrzut-ekranu-2018-05-19-o-21.41.22-768x545.png 768w, https:\/\/mbloretanska.pl\/wp-content\/uploads\/2018\/05\/Zrzut-ekranu-2018-05-19-o-21.41.22-1500x1064.png 1500w, https:\/\/mbloretanska.pl\/wp-content\/uploads\/2018\/05\/Zrzut-ekranu-2018-05-19-o-21.41.22-260x185.png 260w, https:\/\/mbloretanska.pl\/wp-content\/uploads\/2018\/05\/Zrzut-ekranu-2018-05-19-o-21.41.22-705x500.png 705w, https:\/\/mbloretanska.pl\/wp-content\/uploads\/2018\/05\/Zrzut-ekranu-2018-05-19-o-21.41.22-450x319.png 450w, https:\/\/mbloretanska.pl\/wp-content\/uploads\/2018\/05\/Zrzut-ekranu-2018-05-19-o-21.41.22.png 1678w\" sizes=\"auto, (max-width: 1030px) 100vw, 1030px\" \/><\/p>\n","protected":false},"excerpt":{"rendered":"<p>Pobierz i wydrukuj poni\u017csz\u0105 ulotk\u0119: LINK. &nbsp; Pobierz i wydrukuj poni\u017cszy\u00a0&#8222;dar duchowy&#8221;: LINK.<\/p>\n","protected":false},"author":1,"featured_media":0,"parent":0,"menu_order":0,"comment_status":"closed","ping_status":"closed","template":"","meta":{"ngg_post_thumbnail":0,"footnotes":""},"class_list":["post-1644","page","type-page","status-publish","hentry"],"_links":{"self":[{"href":"https:\/\/mbloretanska.pl\/index.php?rest_route=\/wp\/v2\/pages\/1644","targetHints":{"allow":["GET"]}}],"collection":[{"href":"https:\/\/mbloretanska.pl\/index.php?rest_route=\/wp\/v2\/pages"}],"about":[{"href":"https:\/\/mbloretanska.pl\/index.php?rest_route=\/wp\/v2\/types\/page"}],"author":[{"embeddable":true,"href":"https:\/\/mbloretanska.pl\/index.php?rest_route=\/wp\/v2\/users\/1"}],"replies":[{"embeddable":true,"href":"https:\/\/mbloretanska.pl\/index.php?rest_route=%2Fwp%2Fv2%2Fcomments&post=1644"}],"version-history":[{"count":4,"href":"https:\/\/mbloretanska.pl\/index.php?rest_route=\/wp\/v2\/pages\/1644\/revisions"}],"predecessor-version":[{"id":1698,"href":"https:\/\/mbloretanska.pl\/index.php?rest_route=\/wp\/v2\/pages\/1644\/revisions\/1698"}],"wp:attachment":[{"href":"https:\/\/mbloretanska.pl\/index.php?rest_route=%2Fwp%2Fv2%2Fmedia&parent=1644"}],"curies":[{"name":"wp","href":"https:\/\/api.w.org\/{rel}","templated":true}]}}