{"id":1238,"date":"2018-03-17T16:59:41","date_gmt":"2018-03-17T15:59:41","guid":{"rendered":"http:\/\/mbloretanska.pl\/?page_id=1238"},"modified":"2019-12-22T02:23:10","modified_gmt":"2019-12-22T01:23:10","slug":"rekolekcje","status":"publish","type":"page","link":"https:\/\/mbloretanska.pl\/?page_id=1238","title":{"rendered":"Rekolekcje"},"content":{"rendered":"\n<style type=\"text\/css\" data-created_by=\"avia_inline_auto\" id=\"style-css-av-5ltz12-b98edc7ea861bed42dc269e36c46d55b\">\n.flex_column.av-5ltz12-b98edc7ea861bed42dc269e36c46d55b{\nborder-radius:0px 0px 0px 0px;\npadding:0px 0px 0px 0px;\n}\n<\/style>\n<div  class='flex_column av-5ltz12-b98edc7ea861bed42dc269e36c46d55b av_one_fifth  avia-builder-el-0  el_before_av_three_fifth  avia-builder-el-first  first flex_column_div av-zero-column-padding  '     ><\/div>\n\n<style type=\"text\/css\" data-created_by=\"avia_inline_auto\" id=\"style-css-av-45nz06-6c27b3254b8cebb743f169bf78791e52\">\n.flex_column.av-45nz06-6c27b3254b8cebb743f169bf78791e52{\nborder-radius:0px 0px 0px 0px;\npadding:0px 0px 0px 0px;\n}\n<\/style>\n<div  class='flex_column av-45nz06-6c27b3254b8cebb743f169bf78791e52 av_three_fifth  avia-builder-el-1  el_after_av_one_fifth  el_before_av_one_fifth  flex_column_div av-zero-column-padding  '     ><section  class='av_textblock_section av-ju06kvk7-0a71666206ce449acb97c29d31dec6e1 '   itemscope=\"itemscope\" itemtype=\"https:\/\/schema.org\/CreativeWork\" ><div class='avia_textblock'  itemprop=\"text\" ><p>Zapraszamy do ods\u0142uchania nagra\u0144 z rekolekcji adwentowych 2019, prowadzonych przez ks. Mariusza Czy\u017cewskiego, wicedyrektora Wydzia\u0142u Nauki Katolickiej Kurii Warszawsko-Praskiej<\/p>\n<p>Nauka 1 &#8211; Niedziela, 08.12.2019<\/p>\n<audio class=\"wp-audio-shortcode\" id=\"audio-1238-1\" preload=\"none\" style=\"width: 100%;\" controls=\"controls\"><source type=\"audio\/mpeg\" src=\"https:\/\/mbloretanska.pl\/wp-content\/uploads\/2019\/12\/ADW_09_12_2019.mp3?_=1\" \/><a href=\"https:\/\/mbloretanska.pl\/wp-content\/uploads\/2019\/12\/ADW_09_12_2019.mp3\">https:\/\/mbloretanska.pl\/wp-content\/uploads\/2019\/12\/ADW_09_12_2019.mp3<\/a><\/audio>\n<p>Nauka 2 &#8211; Poniedzia\u0142ek, 09.12.2019<\/p>\n<audio class=\"wp-audio-shortcode\" id=\"audio-1238-2\" preload=\"none\" style=\"width: 100%;\" controls=\"controls\"><source type=\"audio\/mpeg\" src=\"https:\/\/mbloretanska.pl\/wp-content\/uploads\/2019\/12\/ADW_09_12_2019.mp3?_=2\" \/><a href=\"https:\/\/mbloretanska.pl\/wp-content\/uploads\/2019\/12\/ADW_09_12_2019.mp3\">https:\/\/mbloretanska.pl\/wp-content\/uploads\/2019\/12\/ADW_09_12_2019.mp3<\/a><\/audio>\n<p>Nauka 3 &#8211; Wtorek, 10.12.2019<\/p>\n<audio class=\"wp-audio-shortcode\" id=\"audio-1238-3\" preload=\"none\" style=\"width: 100%;\" controls=\"controls\"><source type=\"audio\/mpeg\" src=\"https:\/\/mbloretanska.pl\/wp-content\/uploads\/2019\/12\/ADW_10_12_2019.mp3?_=3\" \/><a href=\"https:\/\/mbloretanska.pl\/wp-content\/uploads\/2019\/12\/ADW_10_12_2019.mp3\">https:\/\/mbloretanska.pl\/wp-content\/uploads\/2019\/12\/ADW_10_12_2019.mp3<\/a><\/audio>\n<div id=\"block-e55ba852-8d0b-4aca-bd72-c36f6c71e240\" class=\"wp-block editor-block-list__block is-selected\" tabindex=\"0\" data-type=\"core\/freeform\" aria-label=\"Blok: Klasyczny\">\n<div class=\"editor-block-list__block-edit\">\n<div data-block=\"e55ba852-8d0b-4aca-bd72-c36f6c71e240\">\n<div id=\"editor-e55ba852-8d0b-4aca-bd72-c36f6c71e240\" class=\"wp-block-freeform block-library-rich-text__tinymce mce-content-body html5-captions mce-edit-focus\" contenteditable=\"true\">\n<p>Zapraszamy do ods\u0142uchania nagra\u0144 z rekolekcji wielkopostnych 2019, prowadzonych przez o. Marcina Kowalewskiego CMF, wice-prowincja\u0142a Polskiej Prowincji Zgromadzenia Misjonarzy Klaretyn\u00f3w<\/p>\n<p>Nauka 1 &#8211; Niedziela, 31.03.2019<\/p>\n<audio class=\"wp-audio-shortcode\" id=\"audio-1238-4\" preload=\"none\" style=\"width: 100%;\" controls=\"controls\"><source type=\"audio\/mpeg\" src=\"https:\/\/mbloretanska.pl\/wp-content\/uploads\/2019\/04\/WP_31_03_2019.mp3?_=4\" \/><a href=\"https:\/\/mbloretanska.pl\/wp-content\/uploads\/2019\/04\/WP_31_03_2019.mp3\">https:\/\/mbloretanska.pl\/wp-content\/uploads\/2019\/04\/WP_31_03_2019.mp3<\/a><\/audio>\n<p>Kazanie w czasie Nabo\u017ce\u0144stwa Gorzkich \u017bali &#8211; Niedziela, 31.03.2019<\/p>\n<audio class=\"wp-audio-shortcode\" id=\"audio-1238-5\" preload=\"none\" style=\"width: 100%;\" controls=\"controls\"><source type=\"audio\/mpeg\" src=\"https:\/\/mbloretanska.pl\/wp-content\/uploads\/2019\/04\/WP_31_03_2019_GZ.mp3?_=5\" \/><a href=\"https:\/\/mbloretanska.pl\/wp-content\/uploads\/2019\/04\/WP_31_03_2019_GZ.mp3\">https:\/\/mbloretanska.pl\/wp-content\/uploads\/2019\/04\/WP_31_03_2019_GZ.mp3<\/a><\/audio>\n<p>Nauka 2 &#8211; Poniedzia\u0142ek, 01.04.2019<\/p>\n<audio class=\"wp-audio-shortcode\" id=\"audio-1238-6\" preload=\"none\" style=\"width: 100%;\" controls=\"controls\"><source type=\"audio\/mpeg\" src=\"https:\/\/mbloretanska.pl\/wp-content\/uploads\/2019\/04\/WP_01_04_2019.mp3?_=6\" \/><a href=\"https:\/\/mbloretanska.pl\/wp-content\/uploads\/2019\/04\/WP_01_04_2019.mp3\">https:\/\/mbloretanska.pl\/wp-content\/uploads\/2019\/04\/WP_01_04_2019.mp3<\/a><\/audio>\n<p>Nauka 3 &#8211; Wtorek, 02.04.2019<\/p>\n<audio class=\"wp-audio-shortcode\" id=\"audio-1238-7\" preload=\"none\" style=\"width: 100%;\" controls=\"controls\"><source type=\"audio\/mpeg\" src=\"https:\/\/mbloretanska.pl\/wp-content\/uploads\/2019\/04\/WP_02_04_2019.mp3?_=7\" \/><a href=\"https:\/\/mbloretanska.pl\/wp-content\/uploads\/2019\/04\/WP_02_04_2019.mp3\">https:\/\/mbloretanska.pl\/wp-content\/uploads\/2019\/04\/WP_02_04_2019.mp3<\/a><\/audio>\n<p>Nauka 4 &#8211; \u015aroda, 03.04.2019<\/p>\n<audio class=\"wp-audio-shortcode\" id=\"audio-1238-8\" preload=\"none\" style=\"width: 100%;\" controls=\"controls\"><source type=\"audio\/mpeg\" src=\"https:\/\/mbloretanska.pl\/wp-content\/uploads\/2019\/04\/WP_03_04_2019.mp3?_=8\" \/><a href=\"https:\/\/mbloretanska.pl\/wp-content\/uploads\/2019\/04\/WP_03_04_2019.mp3\">https:\/\/mbloretanska.pl\/wp-content\/uploads\/2019\/04\/WP_03_04_2019.mp3<\/a><\/audio>\n<\/div>\n<\/div>\n<\/div>\n<\/div>\n<div><\/div>\n<hr \/>\n<p>Zapraszamy do ods\u0142uchania nagra\u0144 z kaza\u0144 rekolekcyjnych 2018,\u00a0prowadzonych przez ks. Krzysztofa Zi\u00f3\u0142kowskiego, budowniczego diecezjalnego sanktuarium \u015bw. Jana Paw\u0142a II w Radzyminie.<\/p>\n<p>Msza \u015aw. 21.03.2018, godzina 19:30<\/p>\n<audio class=\"wp-audio-shortcode\" id=\"audio-1238-9\" preload=\"none\" style=\"width: 100%;\" controls=\"controls\"><source type=\"audio\/mpeg\" src=\"https:\/\/mbloretanska.pl\/wp-content\/uploads\/2018\/03\/WP_21_03_2018_1930.mp3?_=9\" \/><a href=\"https:\/\/mbloretanska.pl\/wp-content\/uploads\/2018\/03\/WP_21_03_2018_1930.mp3\">https:\/\/mbloretanska.pl\/wp-content\/uploads\/2018\/03\/WP_21_03_2018_1930.mp3<\/a><\/audio>\n<p>Fragment kazania &#8211; Msza \u015aw.\u00a020.03.2018, godzina 18:00<\/p>\n<audio class=\"wp-audio-shortcode\" id=\"audio-1238-10\" preload=\"none\" style=\"width: 100%;\" controls=\"controls\"><source type=\"audio\/mpeg\" src=\"https:\/\/mbloretanska.pl\/wp-content\/uploads\/2018\/03\/WP_20_03_2018_18_FRAGMENT.mp3?_=10\" \/><a href=\"https:\/\/mbloretanska.pl\/wp-content\/uploads\/2018\/03\/WP_20_03_2018_18_FRAGMENT.mp3\">https:\/\/mbloretanska.pl\/wp-content\/uploads\/2018\/03\/WP_20_03_2018_18_FRAGMENT.mp3<\/a><\/audio>\n<p>Msza \u015aw.\u00a019.03.2018, godzina 18:00<\/p>\n<audio class=\"wp-audio-shortcode\" id=\"audio-1238-11\" preload=\"none\" style=\"width: 100%;\" controls=\"controls\"><source type=\"audio\/mpeg\" src=\"https:\/\/mbloretanska.pl\/wp-content\/uploads\/2018\/03\/WP_19_03_2018_18.mp3?_=11\" \/><a href=\"https:\/\/mbloretanska.pl\/wp-content\/uploads\/2018\/03\/WP_19_03_2018_18.mp3\">https:\/\/mbloretanska.pl\/wp-content\/uploads\/2018\/03\/WP_19_03_2018_18.mp3<\/a><\/audio>\n<p>Msza \u015aw.\u00a018.03.2018, godzina 12:30<\/p>\n<audio class=\"wp-audio-shortcode\" id=\"audio-1238-12\" preload=\"none\" style=\"width: 100%;\" controls=\"controls\"><source type=\"audio\/mpeg\" src=\"https:\/\/mbloretanska.pl\/wp-content\/uploads\/2018\/03\/WP_18_03_2018_1230.mp3?_=12\" \/><a href=\"https:\/\/mbloretanska.pl\/wp-content\/uploads\/2018\/03\/WP_18_03_2018_1230.mp3\">https:\/\/mbloretanska.pl\/wp-content\/uploads\/2018\/03\/WP_18_03_2018_1230.mp3<\/a><\/audio>\n<p>Msza \u015aw. z udzia\u0142em dzieci 18.03.2018, godzina 11.00<\/p>\n<audio class=\"wp-audio-shortcode\" id=\"audio-1238-13\" preload=\"none\" style=\"width: 100%;\" controls=\"controls\"><source type=\"audio\/mpeg\" src=\"https:\/\/mbloretanska.pl\/wp-content\/uploads\/2018\/03\/WP_18_03_2018_11_dzieci.mp3?_=13\" \/><a href=\"https:\/\/mbloretanska.pl\/wp-content\/uploads\/2018\/03\/WP_18_03_2018_11_dzieci.mp3\">https:\/\/mbloretanska.pl\/wp-content\/uploads\/2018\/03\/WP_18_03_2018_11_dzieci.mp3<\/a><\/audio>\n<p align=\"center\"><b><span style=\"color: #000000;\">Parafialne rekolekcje wielkopostne odby\u0142y si\u0119 18 \u2013 21 marca 2018<\/span><\/b><\/p>\n<p style=\"text-align: center;\"><span style=\"color: #000000;\">Rekolekcje prowadzi\u0142 ks. Krzysztof Zi\u00f3\u0142kowski, budowniczy diecezjalnego sanktuarium \u015bw. Jana Paw\u0142a II w Radzyminie.<\/span><\/p>\n<p align=\"center\"><b><span style=\"color: #000000;\"><br \/>\nParafialne\u00a0 rekolekcje\u00a0 wielkopostne 2018 odby\u0142y si\u0119:<br \/>\n<\/span><\/b><b><span style=\"color: #000000;\">Niedziela 18.03<\/span><\/b><\/p>\n<p><span style=\"color: #000000;\">7.00 \u00a0 \u00a0 \u00a0 \u00a0 \u00a0 Msza \u015bw. z nauk\u0105 rekolekcyjn\u0105<br \/>\n8.00 \u00a0 \u00a0 \u00a0 \u00a0 \u00a0 Msza \u015bw. z nauk\u0105 rekolekcyjn\u0105<br \/>\n10.00 \u00a0 \u00a0 \u00a0 \u00a0 Msza \u015bw. z nauk\u0105 rekolekcyjn\u0105<br \/>\n11.30 \u00a0 \u00a0 \u00a0 \u00a0 Msza \u015bw. z nauk\u0105 rekolekcyjn\u0105\u00a0 \/dla dzieci\/<br \/>\n12.30 \u00a0 \u00a0 \u00a0 \u00a0 Msza \u015bw. z nauk\u0105 rekolekcyjn\u0105<br \/>\n18.00 \u00a0 \u00a0 \u00a0 \u00a0 Msza \u015bw. z nauk\u0105 rekolekcyjn\u0105\u00a0 \/dla m\u0142odzie\u017cy\/<\/span><\/p>\n<p align=\"center\"><b><span style=\"color: #000000;\">Poniedzia\u0142ek 19.03<\/span><\/b><\/p>\n<p><span style=\"color: #000000;\">8.00 \u00a0 \u00a0 \u00a0 \u00a0 \u00a0Msza \u015bw. z nauk\u0105 rekolekcyjn\u0105<br \/>\n10.00 \u00a0 \u00a0 \u00a0 \u00a0Msza \u015bw. z nauk\u0105 rekolekcyjn\u0105<br \/>\n18.00 \u00a0 \u00a0 \u00a0 \u00a0Msza \u015bw. z nauk\u0105 rekolekcyjn\u0105<br \/>\n19.30 \u00a0 \u00a0 \u00a0 \u00a0Msza \u015bw. z nauk\u0105 rekolekcyjn\u0105\u00a0 \/dla m\u0142odzie\u017cy\/<\/span><\/p>\n<p align=\"center\"><b><span style=\"color: #000000;\">Wtorek 20.03<\/span><\/b><\/p>\n<p><span style=\"color: #000000;\">8.00\u00a0\u00a0\u00a0\u00a0\u00a0\u00a0\u00a0\u00a0\u00a0\u00a0\u00a0 Msza \u015bw. z nauk\u0105 rekolekcyjn\u0105<br \/>\n10.00 \u00a0 \u00a0 \u00a0 \u00a0 \u00a0Msza \u015bw. dla chorych \/z nauk\u0105 rekolekcyjn\u0105 i sakramentem namaszczenia chorych\/<br \/>\n18.00\u00a0\u00a0\u00a0\u00a0\u00a0\u00a0\u00a0\u00a0\u00a0\u00a0Msza \u015bw. z nauk\u0105 rekolekcyjn\u0105<br \/>\n19.30 \u00a0 \u00a0 \u00a0 \u00a0 \u00a0Msza \u015bw. z nauk\u0105 rekolekcyjn\u0105\u00a0 \/dla m\u0142odzie\u017cy\/<\/span><\/p>\n<p align=\"center\"><b><span style=\"color: #000000;\">\u015aroda 21.03<\/span><\/b><\/p>\n<p><span style=\"color: #000000;\">8.00\u00a0\u00a0\u00a0\u00a0\u00a0\u00a0\u00a0\u00a0\u00a0\u00a0\u00a0 Msza \u015bw. z nauk\u0105 rekolekcyjn\u0105<br \/>\n10.00 \u00a0 \u00a0 \u00a0 \u00a0 \u00a0Msza \u015bw. z nauk\u0105 rekolekcyjn\u0105<br \/>\n18.00\u00a0\u00a0\u00a0\u00a0\u00a0\u00a0\u00a0\u00a0\u00a0\u00a0Msza \u015bw. z nauk\u0105 rekolekcyjn\u0105<br \/>\n19.30 \u00a0 \u00a0 \u00a0 \u00a0 \u00a0Msza \u015bw. z nauk\u0105 rekolekcyjn\u0105\u00a0 \/dla m\u0142odzie\u017cy\/<br \/>\n<\/span><\/p>\n<div id=\"block-e55ba852-8d0b-4aca-bd72-c36f6c71e240\" class=\"wp-block editor-block-list__block is-selected\" tabindex=\"0\" data-type=\"core\/freeform\" aria-label=\"Blok: Klasyczny\">\n<div class=\"editor-block-list__block-edit\">\n<div data-block=\"e55ba852-8d0b-4aca-bd72-c36f6c71e240\">\n<div id=\"editor-e55ba852-8d0b-4aca-bd72-c36f6c71e240\" class=\"wp-block-freeform block-library-rich-text__tinymce mce-content-body html5-captions mce-edit-focus\" contenteditable=\"true\">\n<p>Zapraszamy do ods\u0142uchania nagra\u0144 z rekolekcji adwentowych 2018, prowadzonych przez ks. Stanis\u0142awa Kani\u0119, budowniczego ko\u015bcio\u0142a \u015bw. Andrzeja Boboli w Rajszewie.<\/p>\n<p>Nauka 1 &#8211; Pi\u0105tek, 07.12.2018<\/p>\n<audio class=\"wp-audio-shortcode\" id=\"audio-1238-14\" preload=\"none\" style=\"width: 100%;\" controls=\"controls\"><source type=\"audio\/mpeg\" src=\"https:\/\/mbloretanska.pl\/wp-content\/uploads\/2018\/12\/ADW_07_12_2018.mp3?_=14\" \/><a href=\"https:\/\/mbloretanska.pl\/wp-content\/uploads\/2018\/12\/ADW_07_12_2018.mp3\">https:\/\/mbloretanska.pl\/wp-content\/uploads\/2018\/12\/ADW_07_12_2018.mp3<\/a><\/audio>\n<p>Nauka 2 &#8211; Sobota, 08.12.2018<\/p>\n<audio class=\"wp-audio-shortcode\" id=\"audio-1238-15\" preload=\"none\" style=\"width: 100%;\" controls=\"controls\"><source type=\"audio\/mpeg\" src=\"https:\/\/mbloretanska.pl\/wp-content\/uploads\/2018\/12\/ADW_08_12_2018.mp3?_=15\" \/><a href=\"https:\/\/mbloretanska.pl\/wp-content\/uploads\/2018\/12\/ADW_08_12_2018.mp3\">https:\/\/mbloretanska.pl\/wp-content\/uploads\/2018\/12\/ADW_08_12_2018.mp3<\/a><\/audio>\n<p>Nauka 3 &#8211; Niedziela, 09.12.2018<\/p>\n<audio class=\"wp-audio-shortcode\" id=\"audio-1238-16\" preload=\"none\" style=\"width: 100%;\" controls=\"controls\"><source type=\"audio\/mpeg\" src=\"https:\/\/mbloretanska.pl\/wp-content\/uploads\/2018\/12\/ADW_09_12_2018.mp3?_=16\" \/><a href=\"https:\/\/mbloretanska.pl\/wp-content\/uploads\/2018\/12\/ADW_09_12_2018.mp3\">https:\/\/mbloretanska.pl\/wp-content\/uploads\/2018\/12\/ADW_09_12_2018.mp3<\/a><\/audio>\n<\/div>\n<\/div>\n<\/div>\n<\/div>\n<\/div><\/section><\/div>\n<style type=\"text\/css\" data-created_by=\"avia_inline_auto\" id=\"style-css-av-2xgyrq-edef52d652a8850402cc4c0f3122678a\">\n.flex_column.av-2xgyrq-edef52d652a8850402cc4c0f3122678a{\nborder-radius:0px 0px 0px 0px;\npadding:0px 0px 0px 0px;\n}\n<\/style>\n<div  class='flex_column av-2xgyrq-edef52d652a8850402cc4c0f3122678a av_one_fifth  avia-builder-el-3  el_after_av_three_fifth  avia-builder-el-last  flex_column_div av-zero-column-padding  '     ><\/div><\/p>\n","protected":false},"excerpt":{"rendered":"","protected":false},"author":1,"featured_media":0,"parent":0,"menu_order":0,"comment_status":"closed","ping_status":"closed","template":"","meta":{"ngg_post_thumbnail":0,"footnotes":""},"class_list":["post-1238","page","type-page","status-publish","hentry"],"_links":{"self":[{"href":"https:\/\/mbloretanska.pl\/index.php?rest_route=\/wp\/v2\/pages\/1238","targetHints":{"allow":["GET"]}}],"collection":[{"href":"https:\/\/mbloretanska.pl\/index.php?rest_route=\/wp\/v2\/pages"}],"about":[{"href":"https:\/\/mbloretanska.pl\/index.php?rest_route=\/wp\/v2\/types\/page"}],"author":[{"embeddable":true,"href":"https:\/\/mbloretanska.pl\/index.php?rest_route=\/wp\/v2\/users\/1"}],"replies":[{"embeddable":true,"href":"https:\/\/mbloretanska.pl\/index.php?rest_route=%2Fwp%2Fv2%2Fcomments&post=1238"}],"version-history":[{"count":21,"href":"https:\/\/mbloretanska.pl\/index.php?rest_route=\/wp\/v2\/pages\/1238\/revisions"}],"predecessor-version":[{"id":2937,"href":"https:\/\/mbloretanska.pl\/index.php?rest_route=\/wp\/v2\/pages\/1238\/revisions\/2937"}],"wp:attachment":[{"href":"https:\/\/mbloretanska.pl\/index.php?rest_route=%2Fwp%2Fv2%2Fmedia&parent=1238"}],"curies":[{"name":"wp","href":"https:\/\/api.w.org\/{rel}","templated":true}]}}